{"id":92,"date":"2023-12-04T20:58:32","date_gmt":"2023-12-04T19:58:32","guid":{"rendered":"https:\/\/www.zahnproud.com\/?page_id=92"},"modified":"2025-03-24T20:19:56","modified_gmt":"2025-03-24T19:19:56","slug":"contacto","status":"publish","type":"page","link":"https:\/\/www.zahnproud.com\/index.php\/contacto\/","title":{"rendered":"Contacto"},"content":{"rendered":"\n<div class=\"wp-block-media-text alignwide is-stacked-on-mobile\" style=\"grid-template-columns:46% auto\"><figure class=\"wp-block-media-text__media\"><img loading=\"lazy\" decoding=\"async\" width=\"768\" height=\"1024\" src=\"https:\/\/www.zahnproud.com\/wp-content\/uploads\/2023\/12\/Perfil-768x1024.jpg\" alt=\"\" class=\"wp-image-259 size-full\" srcset=\"https:\/\/www.zahnproud.com\/wp-content\/uploads\/2023\/12\/Perfil-768x1024.jpg 768w, https:\/\/www.zahnproud.com\/wp-content\/uploads\/2023\/12\/Perfil-225x300.jpg 225w, https:\/\/www.zahnproud.com\/wp-content\/uploads\/2023\/12\/Perfil-1152x1536.jpg 1152w, https:\/\/www.zahnproud.com\/wp-content\/uploads\/2023\/12\/Perfil-1536x2048.jpg 1536w\" sizes=\"auto, (max-width: 768px) 100vw, 768px\" \/><\/figure><div class=\"wp-block-media-text__content\">\n<p>Hola! Soy Adri\u00e1n Cofi\u00f1o, un fot\u00f3grafo afincado en A Coru\u00f1a.<\/p>\n\n\n\n<p>Periodista y Realizador Audiovisual centrado principalmente en la elaboraci\u00f3n de fotograf\u00eda y v\u00eddeo.<\/p>\n\n\n\n<p>Soy un apasionado del marketing, lo que me ha llevado a colaborar en la creaci\u00f3n de contenido para distintas marcas de impacto internacional.<\/p>\n\n\n\n<p>En mi d\u00eda a d\u00eda realizo todo tipo de proyectos audiovisuales, especializ\u00e1ndome en la restauraci\u00f3n y edici\u00f3n fotogr\u00e1fica.<\/p>\n<\/div><\/div>\n\n\n\n<div class=\"wp-block-group alignfull has-global-padding is-layout-constrained wp-block-group-is-layout-constrained\" style=\"margin-top:0;margin-bottom:0;padding-top:var(--wp--preset--spacing--50);padding-bottom:var(--wp--preset--spacing--50)\">\n<div class=\"wp-block-group alignwide has-global-padding is-layout-constrained wp-block-group-is-layout-constrained\">\n<h2 class=\"wp-block-heading alignfull has-text-align-left has-xx-large-font-size\">\u00bfC\u00f3mo ponerte en contacto conmigo?<\/h2>\n\n\n\n<div class=\"wp-block-group alignwide is-layout-grid wp-container-core-group-is-layout-5b5f6092 wp-block-group-is-layout-grid\" style=\"border-top-color:var(--wp--preset--color--accent-4);border-top-width:1px;margin-top:var(--wp--preset--spacing--50);padding-top:var(--wp--preset--spacing--60);padding-bottom:var(--wp--preset--spacing--60)\">\n<div class=\"wp-block-group wp-container-content-0a059217 is-vertical is-layout-flex wp-container-core-group-is-layout-fe9cc265 wp-block-group-is-layout-flex\">\n<h3 class=\"wp-block-heading has-medium-font-size\" style=\"font-style:normal;font-weight:700\">\u00a1Escr\u00edbeme un mensaje!<\/h3>\n<\/div>\n\n\n\n<h3 class=\"wp-block-heading has-text-align-right has-medium-font-size wp-container-content-e9e3d78d\" style=\"font-style:normal;font-weight:700\">Correo electr\u00f3nico<\/h3>\n\n\n\n<p class=\"has-medium-font-size wp-container-content-e9e3d78d\">zahnproud@gmail.com<\/p>\n<\/div>\n<\/div>\n<\/div>\n","protected":false},"excerpt":{"rendered":"","protected":false},"author":1,"featured_media":0,"parent":0,"menu_order":0,"comment_status":"closed","ping_status":"closed","template":"templates\/full-width-page.php","meta":{"footnotes":""},"class_list":["post-92","page","type-page","status-publish","hentry"],"_links":{"self":[{"href":"https:\/\/www.zahnproud.com\/index.php\/wp-json\/wp\/v2\/pages\/92","targetHints":{"allow":["GET"]}}],"collection":[{"href":"https:\/\/www.zahnproud.com\/index.php\/wp-json\/wp\/v2\/pages"}],"about":[{"href":"https:\/\/www.zahnproud.com\/index.php\/wp-json\/wp\/v2\/types\/page"}],"author":[{"embeddable":true,"href":"https:\/\/www.zahnproud.com\/index.php\/wp-json\/wp\/v2\/users\/1"}],"replies":[{"embeddable":true,"href":"https:\/\/www.zahnproud.com\/index.php\/wp-json\/wp\/v2\/comments?post=92"}],"version-history":[{"count":55,"href":"https:\/\/www.zahnproud.com\/index.php\/wp-json\/wp\/v2\/pages\/92\/revisions"}],"predecessor-version":[{"id":761,"href":"https:\/\/www.zahnproud.com\/index.php\/wp-json\/wp\/v2\/pages\/92\/revisions\/761"}],"wp:attachment":[{"href":"https:\/\/www.zahnproud.com\/index.php\/wp-json\/wp\/v2\/media?parent=92"}],"curies":[{"name":"wp","href":"https:\/\/api.w.org\/{rel}","templated":true}]}}